{"id":4387,"date":"2024-10-07T07:15:26","date_gmt":"2024-10-07T07:15:26","guid":{"rendered":"https:\/\/www.finanz-fox.de\/impressum\/"},"modified":"2024-11-13T07:11:48","modified_gmt":"2024-11-13T07:11:48","slug":"impressum","status":"publish","type":"page","link":"https:\/\/www.finanz-fox.de\/tr\/impressum\/","title":{"rendered":"Damga"},"content":{"rendered":"\t\t<div data-elementor-type=\"wp-page\" data-elementor-id=\"4387\" class=\"elementor elementor-4387 elementor-2135\">\n\t\t\t\t<div class=\"elementor-element elementor-element-daa27de e-flex e-con-boxed e-con e-parent\" data-id=\"daa27de\" data-element_type=\"container\">\n\t\t\t\t\t<div class=\"e-con-inner\">\n\t\t\t\t<div class=\"elementor-element elementor-element-ae6f0e3 elementor-widget elementor-widget-heading\" data-id=\"ae6f0e3\" data-element_type=\"widget\" data-widget_type=\"heading.default\">\n\t\t\t\t<div class=\"elementor-widget-container\">\n\t\t\t\t\t<h2 class=\"elementor-heading-title elementor-size-default\">K\u00dcNYE<\/h2>\t\t\t\t<\/div>\n\t\t\t\t<\/div>\n\t\t\t\t<div class=\"elementor-element elementor-element-a992588 elementor-widget elementor-widget-text-editor\" data-id=\"a992588\" data-element_type=\"widget\" data-widget_type=\"text-editor.default\">\n\t\t\t\t<div class=\"elementor-widget-container\">\n\t\t\t\t\t\t\t\t\t<p class=\"font_8 wixui-rich-text__text\">B\u00f6l\u00fcm 5 TMG uyar\u0131nca bilgiler<\/p>\n<p class=\"font_8 wixui-rich-text__text\">credXperts AG<\/p>\n<p class=\"font_8 wixui-rich-text__text\">Lindenackerstrasse 1a<\/p>\n<p class=\"font_8 wixui-rich-text__text\"><span class=\"wixui-rich-text__text\">8360 Eschlikon<\/span><\/p>\n<p class=\"font_8 wixui-rich-text__text\">Ticaret sicil numaras\u0131: CHE-410.470.148<\/p>\n<p class=\"font_8 wixui-rich-text__text\">Kay\u0131t mahkemesi: \u0130svi\u00e7re<\/p>\n<p class=\"font_8 wixui-rich-text__text\">Temsil eden: credXperts AG<\/p>\n<p class=\"font_8 wixui-rich-text__text\"><span class=\"wixui-rich-text__text\"><span class=\"wixGuard wixui-rich-text__text\">\u200b<\/span><\/span><\/p>\n<p class=\"font_8 wixui-rich-text__text\">Denetim Kurulu Ba\u015fkan\u0131: Aniello Nino Fabozzi<\/p>\n<p class=\"font_8 wixui-rich-text__text\"><span class=\"wixui-rich-text__text\">\u0130leti\u015fim Telefonu: +41 44 244 34 00 E-posta:<strong>\u00a0<a class=\"wixui-rich-text__text\" href=\"mailto:info@credxperts.ch\" data-auto-recognition=\"true\">info@credxperts.ch<\/a><\/strong><\/span><\/p>\n<p class=\"font_8 wixui-rich-text__text\"><span class=\"wixui-rich-text__text\"><span class=\"wixGuard wixui-rich-text__text\">\u200b<\/span><\/span><\/p>\n<p class=\"font_8 wixui-rich-text__text\"><span class=\"wixui-rich-text__text\">KDV No <strong><a class=\"wixui-rich-text__text\" href=\"https:\/\/www.uid.admin.ch\/Detail.aspx?uid_id=CHE410470148\" target=\"_blank\" rel=\"noreferrer noopener\">CHE-410.470.148<\/a><\/strong> Sat\u0131\u015f Vergisi Kanunu B\u00f6l\u00fcm 27 a uyar\u0131nca: CHE-410.470.148<\/span><\/p>\n<p class=\"font_8 wixui-rich-text__text\">credXperts AG&#8217;nin editoryal sorumlulu\u011fu Aniello Nino Fabozzi<\/p>\n<p class=\"font_8 wixui-rich-text__text\"><span class=\"wixui-rich-text__text\"><span class=\"wixGuard wixui-rich-text__text\">\u200b<\/span><\/span><\/p>\n<p class=\"font_8 wixui-rich-text__text\"><span class=\"wixui-rich-text__text\">AB anla\u015fmazl\u0131k \u00e7\u00f6z\u00fcm\u00fc Avrupa Komisyonu, \u00e7evrimi\u00e7i anla\u015fmazl\u0131k \u00e7\u00f6z\u00fcm\u00fc (OS) i\u00e7in bir platform sa\u011flar:<strong>\u00a0<a class=\"wixui-rich-text__text\" href=\"https:\/\/ec.europa.eu\/consumers\/odr\/\" target=\"_blank\" rel=\"noopener\" data-auto-recognition=\"true\">https:\/\/ec.europa.eu\/consumers\/odr\/.<\/a><\/strong> E-posta adresimizi yukar\u0131daki k\u00fcnyede bulabilirsiniz<\/span><\/p>\n<p class=\"font_8 wixui-rich-text__text\"><span class=\"wixui-rich-text__text\"><span class=\"wixGuard wixui-rich-text__text\">\u200b<\/span><\/span><\/p>\n<p class=\"font_8 wixui-rich-text__text\">T\u00fcketici uyu\u015fmazl\u0131k \u00e7\u00f6z\u00fcm\u00fc\/evrensel tahkim kurulu T\u00fcketici hakem kurulu \u00f6n\u00fcndeki uyu\u015fmazl\u0131k \u00e7\u00f6z\u00fcm s\u00fcre\u00e7lerinde yer almaya istekli veya y\u00fck\u00fcml\u00fc de\u011filiz.<\/p>\n<p class=\"font_8 wixui-rich-text__text\"><span class=\"wixui-rich-text__text\">kaynak: <strong><a class=\"wixui-rich-text__text\" href=\"https:\/\/www.e-recht24.de\/impressum-generator.html\" target=\"_blank\" rel=\"noopener\" data-auto-recognition=\"true\">https:\/\/www.e-recht24.de\/impressum-generator.html<\/a><\/strong><\/span><\/p>\n\t\t\t\t\t\t\t\t<\/div>\n\t\t\t\t<\/div>\n\t\t\t\t\t<\/div>\n\t\t\t\t<\/div>\n\t\t\t\t<\/div>\n\t\t","protected":false},"excerpt":{"rendered":"<p>K\u00dcNYE B\u00f6l\u00fcm 5 TMG uyar\u0131nca bilgiler credXperts AG Lindenackerstrasse 1a 8360 Eschlikon Ticaret sicil numaras\u0131: CHE-410.470.148 Kay\u0131t mahkemesi: \u0130svi\u00e7re Temsil eden: credXperts AG \u200b Denetim Kurulu Ba\u015fkan\u0131: Aniello Nino Fabozzi \u0130leti\u015fim Telefonu: +41 44 244 34 00 E-posta:\u00a0info@credxperts.ch \u200b KDV No CHE-410.470.148 Sat\u0131\u015f Vergisi Kanunu B\u00f6l\u00fcm 27 a uyar\u0131nca: CHE-410.470.148 credXperts AG&#8217;nin editoryal sorumlulu\u011fu Aniello [&hellip;]<\/p>\n","protected":false},"author":5,"featured_media":0,"parent":0,"menu_order":0,"comment_status":"closed","ping_status":"closed","template":"elementor_header_footer","meta":{"footnotes":""},"class_list":["post-4387","page","type-page","status-publish","hentry"],"_links":{"self":[{"href":"https:\/\/www.finanz-fox.de\/tr\/wp-json\/wp\/v2\/pages\/4387","targetHints":{"allow":["GET"]}}],"collection":[{"href":"https:\/\/www.finanz-fox.de\/tr\/wp-json\/wp\/v2\/pages"}],"about":[{"href":"https:\/\/www.finanz-fox.de\/tr\/wp-json\/wp\/v2\/types\/page"}],"author":[{"embeddable":true,"href":"https:\/\/www.finanz-fox.de\/tr\/wp-json\/wp\/v2\/users\/5"}],"replies":[{"embeddable":true,"href":"https:\/\/www.finanz-fox.de\/tr\/wp-json\/wp\/v2\/comments?post=4387"}],"version-history":[{"count":5,"href":"https:\/\/www.finanz-fox.de\/tr\/wp-json\/wp\/v2\/pages\/4387\/revisions"}],"predecessor-version":[{"id":4688,"href":"https:\/\/www.finanz-fox.de\/tr\/wp-json\/wp\/v2\/pages\/4387\/revisions\/4688"}],"wp:attachment":[{"href":"https:\/\/www.finanz-fox.de\/tr\/wp-json\/wp\/v2\/media?parent=4387"}],"curies":[{"name":"wp","href":"https:\/\/api.w.org\/{rel}","templated":true}]}}